{"id":79,"date":"2018-08-06T13:00:58","date_gmt":"2018-08-06T13:00:58","guid":{"rendered":"http:\/\/www.corsocamerabianca.energia.polimi.it\/?page_id=79"},"modified":"2026-03-16T10:28:56","modified_gmt":"2026-03-16T10:28:56","slug":"corso-base","status":"publish","type":"page","link":"https:\/\/www.corsocamerabianca.energia.polimi.it\/?page_id=79","title":{"rendered":"CORSO BASE TECNOLOGIE E PROCEDURE PER CAMERE BIANCHE"},"content":{"rendered":"\n<h4 class=\"wp-block-heading\"><strong>NOZIONI INTRODUTTIVE SU TECNICHE, NORMATIVE E PROCEDURE<\/strong><\/h4>\n\n\n\n<div style=\"height:20px\" aria-hidden=\"true\" class=\"wp-block-spacer\"><\/div>\n\n\n\n<p><strong>PERIODO<\/strong><\/p>\n\n\n\n<p>12-13 maggio 2026<\/p>\n\n\n\n<div style=\"height:20px\" aria-hidden=\"true\" class=\"wp-block-spacer\"><\/div>\n\n\n\n<p><strong>MODALITA&#8217; DI EROGAZIONE E SEDE<\/strong> <strong>DEL CORSO<\/strong><\/p>\n\n\n\n<p>Il corso si svolger\u00e0 in presenza presso il Dipartimento di Energia del Politecnico di Milano. Il corso prevede lezioni teoriche in aula&nbsp;ed esercitazioni\/dimostrazioni pratiche nella camera bianca WHITEBOX e nel laboratorio di cui dispone il Dipartimento di Energia.<\/p>\n\n\n\n<div style=\"height:20px\" aria-hidden=\"true\" class=\"wp-block-spacer\"><\/div>\n\n\n\n<p><strong>DESTINATARI<\/strong><\/p>\n\n\n\n<p>Il corso base di tecnologie e procedure per camere bianche si rivela adatto sia per personale che inizia la sua attivit\u00e0 nel settore, sia per chi ha gi\u00e0 esperienza pratica e necessita di una visione pi\u00f9 approfondita e\/o di opinioni esterne e di verifiche per supportare miglioramenti tecnologici e per affrontare audit ed ispezioni esterne.&nbsp;<\/p>\n\n\n\n<div style=\"height:20px\" aria-hidden=\"true\" class=\"wp-block-spacer\"><\/div>\n\n\n\n<p><strong>OBIETTIVI E CONTENUTI <\/strong><\/p>\n\n\n\n<p>Il controllo della contaminazione \u00e8 un elemento essenziale per molti&nbsp;processi e industrie (dalla farmaceutica, alla microelettronica, all\u2019alimentare, alle biotecnologie, ai laboratori e agli ambienti speciali ospedalieri) e sempre pi\u00f9 diffuso \u00e8 l\u2019utilizzo delle camere bianche e di altri ambienti a contaminazione controllata.<\/p>\n\n\n\n<p>Questo corso base sulle tecnologie delle camere bianche consente di comprendere perch\u00e9 e come si controllano i contaminanti in una camera bianca in modo che il&nbsp;personale che vi opera o che abbia a che fare con le tecnologie impiegate in questi ambienti sappia come comportarsi e quali metodi e&nbsp;procedure vadano impiegati per misurare, per prevenire e minimizzare i livelli di contaminazione.<\/p>\n\n\n\n<p>Il corso prevede parti teoriche ed esercitazioni pratiche. Queste si svolgono nella camera bianca WHITEBOX e nel ricco laboratorio di cui dispone il Dipartimento di Energia del Politecnico di Milano, con apparati e circuiti di prova, completamente attrezzati e utilizzabili per dimostrazioni da parte dei docenti, ma anche per esercitazioni pratiche svolte direttamente dai discenti e per le verifiche di apprendimento. Gli allievi potranno impratichirsi nelle procedure comportamentali (dalla vestizione, ai movimenti ed all\u2019uso di apparati) e nell\u2019uso di alcuni strumenti (tra cui un OPC).<\/p>\n\n\n\n<div style=\"height:20px\" aria-hidden=\"true\" class=\"wp-block-spacer\"><\/div>\n\n\n\n<p><strong>VALUTAZIONE DELL&#8217;APPRENDIMENTO<\/strong><\/p>\n\n\n\n<p>Fa parte integrante del corso un esame teorico e pratico che, se superato, consente di essere inseriti con le proprie generalit\u00e0 e foto negli&nbsp; appositi elenchi nazionale (ASCCA) e internazionale (ICCCS) di personale accreditato.<\/p>\n\n\n\n<div style=\"height:20px\" aria-hidden=\"true\" class=\"wp-block-spacer\"><\/div>\n\n\n\n<p><strong>ATTESTATI&nbsp;<\/strong><\/p>\n\n\n\n<p>I partecipanti al corso, al termine della sessione e con una partecipazione pari al 90%, riceveranno un attestato di frequenza. A coloro che supereranno positivamente le prove teorico-pratiche finali viene rilasciato, oltre all\u2019attestato di frequenza, anche un attestato di profitto.&nbsp;L\u2019attestato di profitto \u00e8 riconosciuto ai fini dell\u2019inserimento delle generalit\u00e0 e&nbsp;della foto del partecipante nell&#8217;elenco online degli Operatori Qualificati&nbsp; dell\u2019Associazione per lo Studio e il Controllo della Contaminazione&nbsp; Ambientale (ASCCA) e nell\u2019elenco internazionale ICCCS (International&nbsp; Confederation of Contamination Control Societies). L\u2019attestato ha validit\u00e0 5 anni.<\/p>\n\n\n\n<div style=\"height:20px\" aria-hidden=\"true\" class=\"wp-block-spacer\"><\/div>\n\n\n\n<p><strong>COLLABORAZIONI<\/strong><\/p>\n\n\n\n<p>Il corso \u00e8 stato progettato ed \u00e8 organizzato in collaborazione con&nbsp;l\u2019Associazione Culturale Nazionale di settore ASCCA e con la Federazione&nbsp; Internazionale delle Associazioni Culturali di settore (ICCCS). Al corso collaborano con attivit\u00e0 di docenza professionisti e aziende di settore.<\/p>\n\n\n\n<div style=\"height:20px\" aria-hidden=\"true\" class=\"wp-block-spacer\"><\/div>\n","protected":false},"excerpt":{"rendered":"<p>NOZIONI INTRODUTTIVE SU TECNICHE, NORMATIVE E PROCEDURE PERIODO 12-13 maggio 2026 MODALITA&#8217; DI EROGAZIONE E SEDE DEL CORSO Il corso si svolger\u00e0 in presenza presso il Dipartimento di Energia del Politecnico di Milano. Il corso prevede lezioni teoriche in aula&nbsp;ed esercitazioni\/dimostrazioni pratiche nella camera bianca WHITEBOX e nel laboratorio di &hellip;<\/p>\n","protected":false},"author":2,"featured_media":0,"parent":33,"menu_order":0,"comment_status":"closed","ping_status":"closed","template":"","meta":{"footnotes":""},"class_list":["post-79","page","type-page","status-publish","hentry"],"_links":{"self":[{"href":"https:\/\/www.corsocamerabianca.energia.polimi.it\/index.php?rest_route=\/wp\/v2\/pages\/79","targetHints":{"allow":["GET"]}}],"collection":[{"href":"https:\/\/www.corsocamerabianca.energia.polimi.it\/index.php?rest_route=\/wp\/v2\/pages"}],"about":[{"href":"https:\/\/www.corsocamerabianca.energia.polimi.it\/index.php?rest_route=\/wp\/v2\/types\/page"}],"author":[{"embeddable":true,"href":"https:\/\/www.corsocamerabianca.energia.polimi.it\/index.php?rest_route=\/wp\/v2\/users\/2"}],"replies":[{"embeddable":true,"href":"https:\/\/www.corsocamerabianca.energia.polimi.it\/index.php?rest_route=%2Fwp%2Fv2%2Fcomments&post=79"}],"version-history":[{"count":75,"href":"https:\/\/www.corsocamerabianca.energia.polimi.it\/index.php?rest_route=\/wp\/v2\/pages\/79\/revisions"}],"predecessor-version":[{"id":1049,"href":"https:\/\/www.corsocamerabianca.energia.polimi.it\/index.php?rest_route=\/wp\/v2\/pages\/79\/revisions\/1049"}],"up":[{"embeddable":true,"href":"https:\/\/www.corsocamerabianca.energia.polimi.it\/index.php?rest_route=\/wp\/v2\/pages\/33"}],"wp:attachment":[{"href":"https:\/\/www.corsocamerabianca.energia.polimi.it\/index.php?rest_route=%2Fwp%2Fv2%2Fmedia&parent=79"}],"curies":[{"name":"wp","href":"https:\/\/api.w.org\/{rel}","templated":true}]}}