{"id":140,"date":"2018-08-10T13:58:01","date_gmt":"2018-08-10T13:58:01","guid":{"rendered":"http:\/\/www.corsocamerabianca.energia.polimi.it\/?page_id=140"},"modified":"2026-03-16T10:25:30","modified_gmt":"2026-03-16T10:25:30","slug":"corso-avanzato","status":"publish","type":"page","link":"https:\/\/www.corsocamerabianca.energia.polimi.it\/?page_id=140","title":{"rendered":"CORSO AVANZATO TEST E QUALIFICA PER CAMERE BIANCHE"},"content":{"rendered":"\n<h4 class=\"wp-block-heading\"><strong>TECNICHE DI CONTROLLO DELLA CONTAMINAZIONE E CAMERE BIANCHE&nbsp;<\/strong><\/h4>\n\n\n\n<div style=\"height:20px\" aria-hidden=\"true\" class=\"wp-block-spacer\"><\/div>\n\n\n\n<p><strong>PERIODO<\/strong><\/p>\n\n\n\n<ul class=\"wp-block-list\">\n<li>16-17-18 giugno 2026<\/li>\n<\/ul>\n\n\n\n<div style=\"height:20px\" aria-hidden=\"true\" class=\"wp-block-spacer\"><\/div>\n\n\n\n<p><strong>MODALITA&#8217; DI EROGAZIONE E SEDE DEL CORSO<\/strong><\/p>\n\n\n\n<p>Il corso si svolger\u00e0 in presenza presso il Dipartimento di Energia del Politecnico di Milano. Il corso prevede lezioni teoriche in aula presso il Dipartimento di Energia ed esercitazioni\/dimostrazioni pratiche nella camera bianca WHITEBOX e nel laboratorio di cui dispone il Dipartimento di Energia.<\/p>\n\n\n\n<div style=\"height:20px\" aria-hidden=\"true\" class=\"wp-block-spacer\"><\/div>\n\n\n\n<p><strong>DESTINATARI<\/strong><\/p>\n\n\n\n<p>Il corso avanzato \u00e8 indirizzato agli operatori che hanno gi\u00e0 una buona conoscenza delle tecnologie degli ambienti a contaminazione controllata e a coloro che operano abitualmente nel campo delle verifiche. L\u2019accesso&nbsp;al corso \u00e8 diretto per coloro che abbiano gi\u00e0 frequentato e superato il&nbsp; corso base (Cleanroom Basic Course). Per tutti gli altri \u00e8 richiesta una buona conoscenza degli argomenti trattati nel corso.<\/p>\n\n\n\n<div style=\"height:20px\" aria-hidden=\"true\" class=\"wp-block-spacer\"><\/div>\n\n\n\n<p><strong>OBIETTIVI E CONTENUTI<\/strong><\/p>\n\n\n\n<p>Il corso ha le finalit\u00e0 approfondire la comprensione delle norme ISO 14644-1\/2\/3\/5, di fornire le conoscenze adeguate per eseguire le misurazioni negli ambienti a contaminazione controllata, di mostrare il corretto funzionamento degli strumenti utilizzati per le suddette misurazioni (e.g. OPC, fotometri, generatori di aerosol, sensori per la misura di velocit\u00e0, temperatura e flusso).<\/p>\n\n\n\n<p>L\u2019obiettivo principale \u00e8 quello di mostrare i test di routine&nbsp;svolti negli ambienti a contaminazione controllata attestando,&nbsp;attraverso prove pratiche, le capacit\u00e0 dei partecipanti. In particolare&nbsp;vengono affrontati i test legati alla tenuta dei filtri, alla velocit\u00e0&nbsp;dell\u2019aria, alla misurazione della pressione, delle portate e alla&nbsp;classificazione di un ambiente a contaminazione controllata.<\/p>\n\n\n\n<div style=\"height:20px\" aria-hidden=\"true\" class=\"wp-block-spacer\"><\/div>\n\n\n\n<p><strong>VALUTAZIONE DELL&#8217;APPRENDIMENTO<\/strong><\/p>\n\n\n\n<p>Nella giornata conclusiva del corso sono previste una prova scritta per la verifica dell\u2019apprendimento teorico e tre prove pratiche in cleanroom con annessa stesura dei report di ogni prova da parte degli allievi. L&#8217;esame teorico e pratico, se superato, consente di essere inseriti, con le proprie generalit\u00e0 e foto, negli&nbsp;appositi elenchi nazionale (ASCCA) e internazionale (ICCCS) di personale accreditato.<\/p>\n\n\n\n<div style=\"height:20px\" aria-hidden=\"true\" class=\"wp-block-spacer\"><\/div>\n\n\n\n<p><strong>ATTESTATI&nbsp;<\/strong><\/p>\n\n\n\n<p>I partecipanti al corso riceveranno, al termine della sessione e con una partecipazione pari al 90%, un attestato di frequenza. A coloro che supereranno positivamente le prove teorico-pratiche finali viene rilasciato, oltre all\u2019attestato di frequenza, anche un attestato di profitto. L\u2019attestato di profitto \u00e8 riconosciuto ai fini dell\u2019inserimento delle generalit\u00e0 e&nbsp;della foto del partecipante nell&#8217;elenco online degli Operatori Qualificati dell\u2019Associazione per lo Studio e il Controllo della Contaminazione Ambientale (ASCCA) e nell\u2019elenco internazionale ICCCS (International&nbsp; Confederation of Contamination Control Societies). L\u2019attestato ha validit\u00e0 5 anni.<\/p>\n\n\n\n<div style=\"height:20px\" aria-hidden=\"true\" class=\"wp-block-spacer\"><\/div>\n\n\n\n<p><strong>COLLABORAZIONI<\/strong><\/p>\n\n\n\n<p>Il corso \u00e8 stato progettato ed \u00e8 organizzato in collaborazione con l\u2019Associazione Culturale Nazionale di settore ASCCA e con la Federazione Internazionale delle Associazioni Culturali di settore (ICCCS). Al corso collaborano con attivit\u00e0 di docenza professionisti e aziende di settore.<\/p>\n\n\n\n<div style=\"height:20px\" aria-hidden=\"true\" class=\"wp-block-spacer\"><\/div>\n\n\n\n<p><\/p>\n","protected":false},"excerpt":{"rendered":"<p>TECNICHE DI CONTROLLO DELLA CONTAMINAZIONE E CAMERE BIANCHE&nbsp; PERIODO MODALITA&#8217; DI EROGAZIONE E SEDE DEL CORSO Il corso si svolger\u00e0 in presenza presso il Dipartimento di Energia del Politecnico di Milano. Il corso prevede lezioni teoriche in aula presso il Dipartimento di Energia ed esercitazioni\/dimostrazioni pratiche nella camera bianca WHITEBOX &hellip;<\/p>\n","protected":false},"author":2,"featured_media":0,"parent":33,"menu_order":0,"comment_status":"closed","ping_status":"closed","template":"","meta":{"footnotes":""},"class_list":["post-140","page","type-page","status-publish","hentry"],"_links":{"self":[{"href":"https:\/\/www.corsocamerabianca.energia.polimi.it\/index.php?rest_route=\/wp\/v2\/pages\/140","targetHints":{"allow":["GET"]}}],"collection":[{"href":"https:\/\/www.corsocamerabianca.energia.polimi.it\/index.php?rest_route=\/wp\/v2\/pages"}],"about":[{"href":"https:\/\/www.corsocamerabianca.energia.polimi.it\/index.php?rest_route=\/wp\/v2\/types\/page"}],"author":[{"embeddable":true,"href":"https:\/\/www.corsocamerabianca.energia.polimi.it\/index.php?rest_route=\/wp\/v2\/users\/2"}],"replies":[{"embeddable":true,"href":"https:\/\/www.corsocamerabianca.energia.polimi.it\/index.php?rest_route=%2Fwp%2Fv2%2Fcomments&post=140"}],"version-history":[{"count":40,"href":"https:\/\/www.corsocamerabianca.energia.polimi.it\/index.php?rest_route=\/wp\/v2\/pages\/140\/revisions"}],"predecessor-version":[{"id":1046,"href":"https:\/\/www.corsocamerabianca.energia.polimi.it\/index.php?rest_route=\/wp\/v2\/pages\/140\/revisions\/1046"}],"up":[{"embeddable":true,"href":"https:\/\/www.corsocamerabianca.energia.polimi.it\/index.php?rest_route=\/wp\/v2\/pages\/33"}],"wp:attachment":[{"href":"https:\/\/www.corsocamerabianca.energia.polimi.it\/index.php?rest_route=%2Fwp%2Fv2%2Fmedia&parent=140"}],"curies":[{"name":"wp","href":"https:\/\/api.w.org\/{rel}","templated":true}]}}